{"id":7915,"date":"2020-07-16T10:21:17","date_gmt":"2020-07-16T10:21:01","guid":{"rendered":"https:\/\/invest.baselarea.swiss\/?page_id=7915"},"modified":"2020-08-11T09:26:07","modified_gmt":"2020-08-11T09:26:07","slug":"vernetzen-sie-sich","status":"publish","type":"page","link":"https:\/\/testinvest.baselarea.swiss\/de\/firmengrundung-in-der-schweiz\/vernetzen-sie-sich\/","title":{"rendered":"Vernetzen Sie sich"},"content":{"rendered":"[vc_row type=&#187;full_width_background&#187; full_screen_row_position=&#187;middle&#187; equal_height=&#187;yes&#187; content_placement=&#187;middle&#187; column_margin=&#187;default&#187; bg_image=&#187;2602&#8243; bg_position=&#187;center center&#187; bg_repeat=&#187;no-repeat&#187; scene_position=&#187;center&#187; text_color=&#187;dark&#187; text_align=&#187;left&#187; class=&#187;heroimage&#187; overlay_strength=&#187;0.3&#8243; shape_divider_position=&#187;bottom&#187; bg_image_animation=&#187;none&#187; shape_type=&#187;&#187;][vc_column column_padding=&#187;no-extra-padding&#187; column_padding_position=&#187;all&#187; background_color_opacity=&#187;1&#8243; background_hover_color_opacity=&#187;1&#8243; column_link_target=&#187;_self&#187; column_shadow=&#187;none&#187; column_border_radius=&#187;none&#187; width=&#187;1\/1&#8243; tablet_width_inherit=&#187;default&#187; tablet_text_alignment=&#187;default&#187; phone_text_alignment=&#187;default&#187; overlay_strength=&#187;0.3&#8243; column_border_width=&#187;none&#187; column_border_style=&#187;solid&#187; bg_image_animation=&#187;none&#187;][vc_row_inner equal_height=&#187;yes&#187; content_placement=&#187;bottom&#187; column_margin=&#187;default&#187; text_align=&#187;left&#187; el_id=&#187;hero-content-box&#187;][vc_column_inner column_padding=&#187;no-extra-padding&#187; column_padding_position=&#187;all&#187; background_color_opacity=&#187;1&#8243; background_hover_color_opacity=&#187;1&#8243; column_shadow=&#187;none&#187; column_border_radius=&#187;none&#187; column_link_target=&#187;_self&#187; width=&#187;1\/6&#8243; tablet_width_inherit=&#187;default&#187; overlay_strength=&#187;0.3&#8243; column_border_width=&#187;none&#187; column_border_style=&#187;solid&#187; bg_image_animation=&#187;none&#187;][\/vc_column_inner][vc_column_inner column_padding=&#187;padding-4-percent&#187; column_padding_position=&#187;all&#187; background_color=&#187;#000000&#8243; background_color_opacity=&#187;0.7&#8243; background_hover_color_opacity=&#187;1&#8243; column_shadow=&#187;none&#187; column_border_radius=&#187;none&#187; column_link_target=&#187;_self&#187; width=&#187;1\/2&#8243; tablet_width_inherit=&#187;default&#187; overlay_strength=&#187;0.3&#8243; column_border_width=&#187;none&#187; column_border_style=&#187;solid&#187; bg_image_animation=&#187;none&#187;][vc_column_text el_class=&#187;page-title&#187;]\n<h5><strong><span style=\"color: #ffffff;\">| Firmengr\u00fcndung<\/span><\/strong><\/h5>\n[\/vc_column_text][vc_column_text]\n<h1><span style=\"color: #ffffff;\">Vernetzen Sie sich<\/span><\/h1>\n[\/vc_column_text][\/vc_column_inner][vc_column_inner column_padding=&#187;no-extra-padding&#187; column_padding_position=&#187;all&#187; background_color_opacity=&#187;1&#8243; background_hover_color_opacity=&#187;1&#8243; column_shadow=&#187;none&#187; column_border_radius=&#187;none&#187; column_link_target=&#187;_self&#187; width=&#187;1\/3&#8243; tablet_width_inherit=&#187;default&#187; overlay_strength=&#187;0.3&#8243; column_border_width=&#187;none&#187; column_border_style=&#187;solid&#187; bg_image_animation=&#187;none&#187;][\/vc_column_inner][\/vc_row_inner][\/vc_column][\/vc_row][vc_row type=&#187;in_container&#187; full_screen_row_position=&#187;middle&#187; column_margin=&#187;default&#187; scene_position=&#187;center&#187; text_color=&#187;dark&#187; text_align=&#187;left&#187; top_padding=&#187;4%&#187; bottom_padding=&#187;3%&#187; overlay_strength=&#187;0.3&#8243; shape_divider_position=&#187;bottom&#187; bg_image_animation=&#187;none&#187; shape_type=&#187;&#187;][vc_column column_padding=&#187;padding-3-percent&#187; column_padding_position=&#187;right&#187; background_color_opacity=&#187;1&#8243; background_hover_color_opacity=&#187;1&#8243; column_link_target=&#187;_self&#187; column_shadow=&#187;none&#187; column_border_radius=&#187;none&#187; width=&#187;1\/6&#8243; tablet_width_inherit=&#187;default&#187; tablet_text_alignment=&#187;default&#187; phone_text_alignment=&#187;default&#187; overlay_strength=&#187;0.3&#8243; column_border_width=&#187;none&#187; column_border_style=&#187;solid&#187; bg_image_animation=&#187;none&#187;][\/vc_column][vc_column column_padding=&#187;padding-2-percent&#187; column_padding_position=&#187;right&#187; background_color_opacity=&#187;1&#8243; background_hover_color_opacity=&#187;1&#8243; column_link_target=&#187;_self&#187; column_shadow=&#187;none&#187; column_border_radius=&#187;none&#187; width=&#187;2\/3&#8243; tablet_width_inherit=&#187;default&#187; tablet_text_alignment=&#187;default&#187; phone_text_alignment=&#187;default&#187; overlay_strength=&#187;0.3&#8243; column_border_width=&#187;none&#187; column_border_style=&#187;solid&#187; bg_image_animation=&#187;none&#187;][vc_column_text]\n<h4>In der Basel Area wachsen multinationale Konzerne, begegnen internationale Wissenschaftler einander, werden neue Ideen verwirklicht. Hier im Dreil\u00e4ndereck haben sie die M\u00f6glichkeit, sich mit Unternehmen verschiedenster Branchen und mit unterschiedlichen kulturellen Hintergr\u00fcnden zu vernetzen.<\/h4>\n[\/vc_column_text][\/vc_column][vc_column column_padding=&#187;no-extra-padding&#187; column_padding_position=&#187;all&#187; background_color_opacity=&#187;1&#8243; background_hover_color_opacity=&#187;1&#8243; column_link_target=&#187;_self&#187; column_shadow=&#187;none&#187; column_border_radius=&#187;none&#187; width=&#187;1\/6&#8243; tablet_width_inherit=&#187;default&#187; tablet_text_alignment=&#187;default&#187; phone_text_alignment=&#187;default&#187; overlay_strength=&#187;0.3&#8243; column_border_width=&#187;none&#187; column_border_style=&#187;solid&#187; bg_image_animation=&#187;none&#187;][\/vc_column][\/vc_row][vc_row type=&#187;in_container&#187; full_screen_row_position=&#187;middle&#187; column_margin=&#187;default&#187; scene_position=&#187;center&#187; text_color=&#187;dark&#187; text_align=&#187;left&#187; bottom_padding=&#187;5%&#187; overlay_strength=&#187;0.3&#8243; shape_divider_position=&#187;bottom&#187; bg_image_animation=&#187;none&#187; shape_type=&#187;&#187;][vc_column column_padding=&#187;padding-3-percent&#187; column_padding_position=&#187;right&#187; background_color_opacity=&#187;1&#8243; background_hover_color_opacity=&#187;1&#8243; column_link_target=&#187;_self&#187; column_shadow=&#187;none&#187; column_border_radius=&#187;none&#187; width=&#187;1\/6&#8243; tablet_width_inherit=&#187;default&#187; tablet_text_alignment=&#187;default&#187; phone_text_alignment=&#187;default&#187; overlay_strength=&#187;0.3&#8243; column_border_width=&#187;none&#187; column_border_style=&#187;solid&#187; bg_image_animation=&#187;none&#187;][\/vc_column][vc_column column_padding=&#187;padding-2-percent&#187; column_padding_position=&#187;right&#187; background_color_opacity=&#187;1&#8243; background_hover_color_opacity=&#187;1&#8243; column_link_target=&#187;_self&#187; column_shadow=&#187;none&#187; column_border_radius=&#187;none&#187; width=&#187;2\/3&#8243; tablet_width_inherit=&#187;default&#187; tablet_text_alignment=&#187;default&#187; phone_text_alignment=&#187;default&#187; overlay_strength=&#187;0.3&#8243; column_border_width=&#187;none&#187; column_border_style=&#187;solid&#187; bg_image_animation=&#187;none&#187;][vc_column_text]\n<h2>Events<\/h2>\n[\/vc_column_text][vc_column_text]Unsere Events bieten ausgezeichnete M\u00f6glichkeiten, das eigene Netzwerk auszubauen und Gesch\u00e4ftsbeziehungen zu kn\u00fcpfen. Die einzigartige Eventplattform der Basel Area f\u00f6rdert den regelm\u00e4ssigen Austausch von Wissen und Erfahrung zwischen Unternehmen genauso wie den interdisziplin\u00e4ren Austausch. Unsere n\u00e4chsten Events finden Sie <a href=\"http:\/\/baselarea.swiss\/basel-events\/\">hier<\/a>.[\/vc_column_text][divider line_type=&#187;No Line&#187;][vc_column_text]\n<h2>Konferenzen von Weltrang<\/h2>\n[\/vc_column_text][vc_column_text]Auch an den regelm\u00e4ssig stattfindenden internationalen Konferenzen in der Basel Area lassen sich hervorragend neue Kontakte kn\u00fcpfen. Einige Beispiele:[\/vc_column_text][vc_row_inner disable_element=&#187;yes&#187; column_margin=&#187;default&#187; top_padding=&#187;5%&#187; bottom_padding=&#187;3%&#187; text_align=&#187;left&#187;][vc_column_inner column_padding=&#187;padding-6-percent&#187; column_padding_position=&#187;all&#187; background_color=&#187;#f39200&#8243; background_color_opacity=&#187;1&#8243; background_hover_color_opacity=&#187;1&#8243; column_shadow=&#187;none&#187; column_border_radius=&#187;none&#187; column_link_target=&#187;_self&#187; width=&#187;1\/1&#8243; tablet_width_inherit=&#187;default&#187; overlay_strength=&#187;0.3&#8243; column_border_width=&#187;none&#187; column_border_style=&#187;solid&#187; bg_image_animation=&#187;fade-in&#187; enable_animation=&#187;true&#187; animation=&#187;fade-in-from-right&#187;][vc_custom_heading text=&#187;The close proximity to Germany and France creates access to a workforce beyond the borders of the Basel Area through a willing commuter culture.&#187; font_container=&#187;tag:h3|font_size:36|text_align:left|color:%23ffffff|line_height:43px&#187; use_theme_fonts=&#187;yes&#187;][\/vc_column_inner][\/vc_row_inner]<div class=\"nectar-fancy-ul\" data-list-icon=\"icon-salient-thin-line\" data-animation=\"false\" data-animation-delay=\"0\" data-color=\"accent-color\" data-spacing=\"default\" data-alignment=\"left\"> \n<ul>\n<li>Swissbau<\/li>\n<li>International SAP Conference<\/li>\n<li>Swiss Biotech Day<\/li>\n<li>Baselworld<\/li>\n<li>Art Basel<\/li>\n<li>Intelligent Health<\/li>\n<li>Festival of Biologics<\/li>\n<li>BioData World Congress<\/li>\n<\/ul>\n <\/div>[\/vc_column][vc_column column_padding=&#187;no-extra-padding&#187; column_padding_position=&#187;all&#187; background_color_opacity=&#187;1&#8243; background_hover_color_opacity=&#187;1&#8243; column_link_target=&#187;_self&#187; column_shadow=&#187;none&#187; column_border_radius=&#187;none&#187; width=&#187;1\/6&#8243; tablet_width_inherit=&#187;default&#187; tablet_text_alignment=&#187;default&#187; phone_text_alignment=&#187;default&#187; overlay_strength=&#187;0.3&#8243; column_border_width=&#187;none&#187; column_border_style=&#187;solid&#187; bg_image_animation=&#187;none&#187;][\/vc_column][\/vc_row][vc_row type=&#187;in_container&#187; full_screen_row_position=&#187;middle&#187; column_margin=&#187;default&#187; scene_position=&#187;center&#187; text_color=&#187;dark&#187; text_align=&#187;left&#187; overlay_strength=&#187;0.3&#8243; shape_divider_position=&#187;bottom&#187; bg_image_animation=&#187;none&#187;][vc_column column_padding=&#187;no-extra-padding&#187; column_padding_position=&#187;all&#187; background_color_opacity=&#187;1&#8243; background_hover_color_opacity=&#187;1&#8243; column_link_target=&#187;_self&#187; column_shadow=&#187;none&#187; column_border_radius=&#187;none&#187; width=&#187;1\/1&#8243; tablet_width_inherit=&#187;default&#187; tablet_text_alignment=&#187;default&#187; phone_text_alignment=&#187;default&#187; overlay_strength=&#187;0.3&#8243; column_border_width=&#187;none&#187; column_border_style=&#187;solid&#187; bg_image_animation=&#187;none&#187;][\/vc_column][\/vc_row][vc_row type=&#187;in_container&#187; full_screen_row_position=&#187;middle&#187; column_margin=&#187;default&#187; scene_position=&#187;center&#187; text_color=&#187;dark&#187; text_align=&#187;left&#187; top_padding=&#187;5%&#187; bottom_padding=&#187;5%&#187; overlay_strength=&#187;0.3&#8243; shape_divider_position=&#187;bottom&#187; bg_image_animation=&#187;none&#187; shape_type=&#187;&#187;][vc_column column_padding=&#187;no-extra-padding&#187; column_padding_position=&#187;all&#187; background_color_opacity=&#187;1&#8243; background_hover_color_opacity=&#187;1&#8243; column_link_target=&#187;_self&#187; column_shadow=&#187;none&#187; column_border_radius=&#187;none&#187; width=&#187;1\/1&#8243; tablet_width_inherit=&#187;default&#187; tablet_text_alignment=&#187;default&#187; phone_text_alignment=&#187;default&#187; overlay_strength=&#187;0.3&#8243; column_border_width=&#187;none&#187; column_border_style=&#187;solid&#187; bg_image_animation=&#187;none&#187;][vc_row_inner column_margin=&#187;default&#187; bottom_padding=&#187;3%&#187; text_align=&#187;left&#187;][vc_column_inner column_padding=&#187;no-extra-padding&#187; column_padding_position=&#187;all&#187; background_color_opacity=&#187;1&#8243; background_hover_color_opacity=&#187;1&#8243; column_shadow=&#187;none&#187; column_border_radius=&#187;none&#187; column_link_target=&#187;_self&#187; width=&#187;1\/6&#8243; tablet_width_inherit=&#187;default&#187; overlay_strength=&#187;0.3&#8243; column_border_width=&#187;none&#187; column_border_style=&#187;solid&#187; bg_image_animation=&#187;none&#187;][\/vc_column_inner][vc_column_inner column_padding=&#187;no-extra-padding&#187; column_padding_position=&#187;all&#187; background_color_opacity=&#187;1&#8243; background_hover_color_opacity=&#187;1&#8243; column_shadow=&#187;none&#187; column_border_radius=&#187;none&#187; column_link_target=&#187;_self&#187; width=&#187;2\/3&#8243; tablet_width_inherit=&#187;default&#187; overlay_strength=&#187;0.3&#8243; column_border_width=&#187;none&#187; column_border_style=&#187;solid&#187; bg_image_animation=&#187;none&#187;][vc_column_text]\n<h2 style=\"text-align: center;\">Auch das k\u00f6nnte Sie interessieren<\/h2>\n[\/vc_column_text][\/vc_column_inner][vc_column_inner column_padding=&#187;no-extra-padding&#187; column_padding_position=&#187;all&#187; background_color_opacity=&#187;1&#8243; background_hover_color_opacity=&#187;1&#8243; column_shadow=&#187;none&#187; column_border_radius=&#187;none&#187; column_link_target=&#187;_self&#187; width=&#187;1\/6&#8243; tablet_width_inherit=&#187;default&#187; overlay_strength=&#187;0.3&#8243; column_border_width=&#187;none&#187; column_border_style=&#187;solid&#187; bg_image_animation=&#187;none&#187;][\/vc_column_inner][\/vc_row_inner][vc_row_inner equal_height=&#187;yes&#187; content_placement=&#187;bottom&#187; column_margin=&#187;default&#187; text_align=&#187;left&#187;][vc_column_inner background_image=&#187;4869&#8243; enable_bg_scale=&#187;true&#187; column_padding=&#187;padding-3-percent&#187; column_padding_position=&#187;all&#187; background_color=&#187;#000000&#8243; background_color_opacity=&#187;0.4&#8243; background_color_hover=&#187;#ae1022&#8243; background_hover_color_opacity=&#187;0.8&#8243; column_shadow=&#187;none&#187; column_border_radius=&#187;none&#187; column_link_target=&#187;_self&#187; el_class=&#187;link-boxes&#187; width=&#187;1\/3&#8243; tablet_width_inherit=&#187;default&#187; overlay_strength=&#187;0.3&#8243; column_border_width=&#187;none&#187; column_border_style=&#187;solid&#187; bg_image_animation=&#187;none&#187; column_link=&#187;\/de\/firmengruendung\/bueroflaechen-gewerbeimmobilien-finden\/&#187;][vc_column_text el_class=&#187;overlay-h2-text&#187;]\n<h2><span style=\"color: #ffffff;\">B\u00fcrofl\u00e4chen und Gewerbe-immobilien finden<\/span><\/h2>\n[\/vc_column_text][\/vc_column_inner][vc_column_inner background_image=&#187;4116&#8243; enable_bg_scale=&#187;true&#187; column_padding=&#187;padding-3-percent&#187; column_padding_position=&#187;all&#187; background_color=&#187;#000000&#8243; background_color_opacity=&#187;0.4&#8243; background_color_hover=&#187;#ae1022&#8243; background_hover_color_opacity=&#187;0.8&#8243; column_shadow=&#187;none&#187; column_border_radius=&#187;none&#187; column_link_target=&#187;_self&#187; el_class=&#187;link-boxes&#187; width=&#187;1\/3&#8243; tablet_width_inherit=&#187;default&#187; overlay_strength=&#187;0.3&#8243; column_border_width=&#187;none&#187; column_border_style=&#187;solid&#187; bg_image_animation=&#187;none&#187; column_link=&#187;\/de\/firmengruendung\/qualifizierte-fachkraefte-finden\/&#187;][vc_column_text el_class=&#187;overlay-h2-text&#187;]\n<h2><span style=\"color: #ffffff;\">Qualifizierte Fachkr\u00e4fte finden<\/span><\/h2>\n[\/vc_column_text][\/vc_column_inner][vc_column_inner background_image=&#187;782&#8243; enable_bg_scale=&#187;true&#187; column_padding=&#187;padding-3-percent&#187; column_padding_position=&#187;all&#187; background_color=&#187;#000000&#8243; background_color_opacity=&#187;0.4&#8243; background_color_hover=&#187;#ae1022&#8243; background_hover_color_opacity=&#187;0.8&#8243; column_shadow=&#187;none&#187; column_border_radius=&#187;none&#187; column_link_target=&#187;_self&#187; el_class=&#187;link-boxes&#187; width=&#187;1\/3&#8243; tablet_width_inherit=&#187;default&#187; overlay_strength=&#187;0.3&#8243; column_border_width=&#187;none&#187; column_border_style=&#187;solid&#187; bg_image_animation=&#187;none&#187; column_link=&#187;\/de\/firmengruendung\/in-der-schweiz-geschaefte-machen\/&#187;][vc_column_text el_class=&#187;overlay-h2-text&#187;]\n<h2><span style=\"color: #ffffff;\">In der Schweiz Gesch\u00e4fte machen<\/span><\/h2>\n[\/vc_column_text][\/vc_column_inner][\/vc_row_inner][\/vc_column][\/vc_row]\n","protected":false},"excerpt":{"rendered":"| Firmengr\u00fcndung Vernetzen Sie sich In der Basel Area wachsen multinationale Konzerne, begegnen internationale Wissenschaftler einander, werden neue Ideen verwirklicht....","protected":false},"author":5,"featured_media":0,"parent":7873,"menu_order":10,"comment_status":"closed","ping_status":"closed","template":"","meta":{"footnotes":""},"class_list":["post-7915","page","type-page","status-publish"],"yoast_head":"<!-- This site is optimized with the Yoast SEO Premium plugin v21.7 (Yoast SEO v24.5) - https:\/\/yoast.com\/wordpress\/plugins\/seo\/ -->\n<title>Vernetzen Sie sich - Invest in Basel<\/title>\n<meta name=\"robots\" content=\"noindex, follow, max-snippet:-1, max-image-preview:large, max-video-preview:-1\" \/>\n<meta property=\"og:locale\" content=\"de_DE\" \/>\n<meta property=\"og:type\" content=\"article\" \/>\n<meta property=\"og:title\" content=\"Vernetzen Sie sich\" \/>\n<meta property=\"og:url\" content=\"https:\/\/testinvest.baselarea.swiss\/de\/firmengrundung-in-der-schweiz\/vernetzen-sie-sich\/\" \/>\n<meta property=\"og:site_name\" content=\"Invest in Basel\" \/>\n<meta property=\"article:modified_time\" content=\"2020-08-11T09:26:07+00:00\" \/>\n<meta property=\"og:image\" content=\"https:\/\/testinvest.baselarea.swiss\/\/wp-content\/uploads\/sites\/3\/2020\/06\/19.06.07.BAS_Roche_0548_Def-1024x683.jpg\" \/>\n\t<meta property=\"og:image:width\" content=\"1024\" \/>\n\t<meta property=\"og:image:height\" content=\"683\" \/>\n\t<meta property=\"og:image:type\" content=\"image\/jpeg\" \/>\n<meta name=\"twitter:card\" content=\"summary_large_image\" \/>\n<meta name=\"twitter:site\" content=\"@BaselArea\" \/>\n<meta name=\"twitter:label1\" content=\"Gesch\u00e4tzte Lesezeit\" \/>\n\t<meta name=\"twitter:data1\" content=\"8 Minuten\" \/>\n<script type=\"application\/ld+json\" class=\"yoast-schema-graph\">{\"@context\":\"https:\/\/schema.org\",\"@graph\":[{\"@type\":\"WebPage\",\"@id\":\"https:\/\/testinvest.baselarea.swiss\/de\/firmengrundung-in-der-schweiz\/vernetzen-sie-sich\/\",\"url\":\"https:\/\/testinvest.baselarea.swiss\/de\/firmengrundung-in-der-schweiz\/vernetzen-sie-sich\/\",\"name\":\"Vernetzen Sie sich - Invest in Basel\",\"isPartOf\":{\"@id\":\"https:\/\/testinvest.baselarea.swiss\/#website\"},\"datePublished\":\"2020-07-16T10:21:01+00:00\",\"dateModified\":\"2020-08-11T09:26:07+00:00\",\"breadcrumb\":{\"@id\":\"https:\/\/testinvest.baselarea.swiss\/de\/firmengrundung-in-der-schweiz\/vernetzen-sie-sich\/#breadcrumb\"},\"inLanguage\":\"de-CH\",\"potentialAction\":[{\"@type\":\"ReadAction\",\"target\":[\"https:\/\/testinvest.baselarea.swiss\/de\/firmengrundung-in-der-schweiz\/vernetzen-sie-sich\/\"]}]},{\"@type\":\"BreadcrumbList\",\"@id\":\"https:\/\/testinvest.baselarea.swiss\/de\/firmengrundung-in-der-schweiz\/vernetzen-sie-sich\/#breadcrumb\",\"itemListElement\":[{\"@type\":\"ListItem\",\"position\":1,\"name\":\"Home\",\"item\":\"https:\/\/testinvest.baselarea.swiss\/de\/\"},{\"@type\":\"ListItem\",\"position\":2,\"name\":\"Firmengr\u00fcndung in der Schweiz.\u00a0\",\"item\":\"https:\/\/testinvest.baselarea.swiss\/de\/firmengrundung-in-der-schweiz\/\"},{\"@type\":\"ListItem\",\"position\":3,\"name\":\"Vernetzen Sie sich\"}]},{\"@type\":\"WebSite\",\"@id\":\"https:\/\/testinvest.baselarea.swiss\/#website\",\"url\":\"https:\/\/testinvest.baselarea.swiss\/\",\"name\":\"Invest in Basel\",\"description\":\"Invest website\",\"potentialAction\":[{\"@type\":\"SearchAction\",\"target\":{\"@type\":\"EntryPoint\",\"urlTemplate\":\"https:\/\/testinvest.baselarea.swiss\/?s={search_term_string}\"},\"query-input\":{\"@type\":\"PropertyValueSpecification\",\"valueRequired\":true,\"valueName\":\"search_term_string\"}}],\"inLanguage\":\"de-CH\"}]}<\/script>\n<!-- \/ Yoast SEO Premium plugin. -->","yoast_head_json":{"title":"Vernetzen Sie sich - Invest in Basel","robots":{"index":"noindex","follow":"follow","max-snippet":"max-snippet:-1","max-image-preview":"max-image-preview:large","max-video-preview":"max-video-preview:-1"},"og_locale":"de_DE","og_type":"article","og_title":"Vernetzen Sie sich","og_url":"https:\/\/testinvest.baselarea.swiss\/de\/firmengrundung-in-der-schweiz\/vernetzen-sie-sich\/","og_site_name":"Invest in Basel","article_modified_time":"2020-08-11T09:26:07+00:00","og_image":[{"width":1024,"height":683,"url":"https:\/\/testinvest.baselarea.swiss\/\/wp-content\/uploads\/sites\/3\/2020\/06\/19.06.07.BAS_Roche_0548_Def-1024x683.jpg","type":"image\/jpeg"}],"twitter_card":"summary_large_image","twitter_site":"@BaselArea","twitter_misc":{"Gesch\u00e4tzte Lesezeit":"8 Minuten"},"schema":{"@context":"https:\/\/schema.org","@graph":[{"@type":"WebPage","@id":"https:\/\/testinvest.baselarea.swiss\/de\/firmengrundung-in-der-schweiz\/vernetzen-sie-sich\/","url":"https:\/\/testinvest.baselarea.swiss\/de\/firmengrundung-in-der-schweiz\/vernetzen-sie-sich\/","name":"Vernetzen Sie sich - Invest in Basel","isPartOf":{"@id":"https:\/\/testinvest.baselarea.swiss\/#website"},"datePublished":"2020-07-16T10:21:01+00:00","dateModified":"2020-08-11T09:26:07+00:00","breadcrumb":{"@id":"https:\/\/testinvest.baselarea.swiss\/de\/firmengrundung-in-der-schweiz\/vernetzen-sie-sich\/#breadcrumb"},"inLanguage":"de-CH","potentialAction":[{"@type":"ReadAction","target":["https:\/\/testinvest.baselarea.swiss\/de\/firmengrundung-in-der-schweiz\/vernetzen-sie-sich\/"]}]},{"@type":"BreadcrumbList","@id":"https:\/\/testinvest.baselarea.swiss\/de\/firmengrundung-in-der-schweiz\/vernetzen-sie-sich\/#breadcrumb","itemListElement":[{"@type":"ListItem","position":1,"name":"Home","item":"https:\/\/testinvest.baselarea.swiss\/de\/"},{"@type":"ListItem","position":2,"name":"Firmengr\u00fcndung in der Schweiz.\u00a0","item":"https:\/\/testinvest.baselarea.swiss\/de\/firmengrundung-in-der-schweiz\/"},{"@type":"ListItem","position":3,"name":"Vernetzen Sie sich"}]},{"@type":"WebSite","@id":"https:\/\/testinvest.baselarea.swiss\/#website","url":"https:\/\/testinvest.baselarea.swiss\/","name":"Invest in Basel","description":"Invest website","potentialAction":[{"@type":"SearchAction","target":{"@type":"EntryPoint","urlTemplate":"https:\/\/testinvest.baselarea.swiss\/?s={search_term_string}"},"query-input":{"@type":"PropertyValueSpecification","valueRequired":true,"valueName":"search_term_string"}}],"inLanguage":"de-CH"}]}},"_links":{"self":[{"href":"https:\/\/testinvest.baselarea.swiss\/de\/wp-json\/wp\/v2\/pages\/7915","targetHints":{"allow":["GET"]}}],"collection":[{"href":"https:\/\/testinvest.baselarea.swiss\/de\/wp-json\/wp\/v2\/pages"}],"about":[{"href":"https:\/\/testinvest.baselarea.swiss\/de\/wp-json\/wp\/v2\/types\/page"}],"author":[{"embeddable":true,"href":"https:\/\/testinvest.baselarea.swiss\/de\/wp-json\/wp\/v2\/users\/5"}],"replies":[{"embeddable":true,"href":"https:\/\/testinvest.baselarea.swiss\/de\/wp-json\/wp\/v2\/comments?post=7915"}],"version-history":[{"count":7,"href":"https:\/\/testinvest.baselarea.swiss\/de\/wp-json\/wp\/v2\/pages\/7915\/revisions"}],"predecessor-version":[{"id":8470,"href":"https:\/\/testinvest.baselarea.swiss\/de\/wp-json\/wp\/v2\/pages\/7915\/revisions\/8470"}],"up":[{"embeddable":true,"href":"https:\/\/testinvest.baselarea.swiss\/de\/wp-json\/wp\/v2\/pages\/7873"}],"wp:attachment":[{"href":"https:\/\/testinvest.baselarea.swiss\/de\/wp-json\/wp\/v2\/media?parent=7915"}],"curies":[{"name":"wp","href":"https:\/\/api.w.org\/{rel}","templated":true}]}}